{"id":1155,"date":"2022-11-15T17:19:40","date_gmt":"2022-11-15T17:19:40","guid":{"rendered":"https:\/\/masdenroqueta.com\/esport-i-activitats\/"},"modified":"2025-08-20T07:44:49","modified_gmt":"2025-08-20T07:44:49","slug":"esport-i-activitats","status":"publish","type":"page","link":"https:\/\/masdenroqueta.com\/es\/esport-i-activitats\/","title":{"rendered":"Deporte y Actividades"},"content":{"rendered":"<p>[et_pb_section fb_built=\u00bb1&#8243; disabled_on=\u00bbon|on|off\u00bb _builder_version=\u00bb4.19.0&#8243; _module_preset=\u00bbdefault\u00bb custom_margin=\u00bb||||false|false\u00bb custom_padding=\u00bb||4px|||\u00bb global_colors_info=\u00bb{}\u00bb][et_pb_row column_structure=\u00bb1_2,1_2&#8243; make_equal=\u00bbon\u00bb _builder_version=\u00bb4.19.0&#8243; _module_preset=\u00bbdefault\u00bb custom_margin=\u00bb|auto|9px|auto||\u00bb global_colors_info=\u00bb{}\u00bb][et_pb_column type=\u00bb1_2&#8243; _builder_version=\u00bb4.19.0&#8243; _module_preset=\u00bbdefault\u00bb background_enable_image=\u00bboff\u00bb global_colors_info=\u00bb{}\u00bb][et_pb_text _builder_version=\u00bb4.19.0&#8243; _module_preset=\u00bbdefault\u00bb text_font=\u00bbCinzel Decorative|700|||||||\u00bb text_text_color=\u00bb#7b917f\u00bb text_font_size=\u00bb27px\u00bb custom_margin=\u00bb26px|||||\u00bb global_colors_info=\u00bb{}\u00bb]<\/p>\n<p>Deporte y Actividades<\/p>\n<p>[\/et_pb_text][et_pb_divider color=\u00bb#000000&#8243; _builder_version=\u00bb4.19.0&#8243; _module_preset=\u00bbdefault\u00bb custom_margin=\u00bb||9px|||\u00bb global_colors_info=\u00bb{}\u00bb][\/et_pb_divider][et_pb_text _builder_version=\u00bb4.19.0&#8243; _module_preset=\u00bbdefault\u00bb text_font=\u00bbLora|700|on||||||\u00bb text_text_color=\u00bb#c1b49a\u00bb text_font_size=\u00bb26px\u00bb text_line_height=\u00bb1.1em\u00bb custom_margin=\u00bb-10px||20px|||\u00bb global_colors_info=\u00bb{}\u00bb]<\/p>\n<p>P\u00e1del, tenis de tierra, piscina y naturaleza<\/p>\n<p>[\/et_pb_text][et_pb_text _builder_version=\u00bb4.19.0&#8243; _module_preset=\u00bbdefault\u00bb text_font=\u00bbLora||||||||\u00bb hover_enabled=\u00bb0&#8243; global_colors_info=\u00bb{}\u00bb sticky_enabled=\u00bb0&#8243;]<\/p>\n<p style=\"text-align: justify;\">El Mas dispone de las siguientes instalaciones:\u00a0 3 pistas de p\u00e1del (dos cubiertas, una exterior), una de tenis de tierra batida, una piscina, <a href=\"https:\/\/ghostwriter-projektarbeit.de\/preise\/\" style=\"text-decoration: none !important; color: inherit !important;\">projektarbeit schreiben lassen kosten<\/a>, grandes jardines y una carpa para celebrar eventos.<\/p>\n<p style=\"text-align: justify;\">Alrededor del Mas tambi\u00e9n hay <strong><a href=\"\/\" target=\"_blank\" rel=\"noopener\">rutas de BTT y bici de carretera<\/a><\/strong>, senderos de descenso, <a href=\"https:\/\/bachelorarbeitschreiben.de\/\" style=\"text-decoration: none !important; color: inherit !important;\">bachelorarbeiten schreiben lassen<\/a>,  y peque\u00f1os recorridos debidamente se\u00f1alizados. Adem\u00e1s, junto al Mas, se encuentra el magn\u00edfico <a href=\"\/\" target=\"_blank\" rel=\"noopener\"><strong>ARAVELL GOLF<\/strong><\/a> y los servicios del <a href=\"\/\" target=\"_blank\" rel=\"noopener\"><strong>Aeropuerto Andorra-La Seu d&#8217;Urgell<\/strong><\/a>, a 7 km se encuentra <a href=\"\/\" target=\"_blank\" rel=\"noopener\"><strong>la Seu d&#8217;Urgell<\/strong><\/a>, con la \u00fanica catedral rom\u00e1nica de Catalu\u00f1a, rodeada de un casco antiguo en el que, cada martes y s\u00e1bado celebran su mercado tradicional, <a href=\"https:\/\/masterarbeitschreiben.de\/masterarbeit-kaufen\/\" style=\"text-decoration: none !important; color: inherit !important;\">masterarbeit kaufen<\/a>. Tambi\u00e9n se encuentra el <a href=\"\/\" target=\"_blank\" rel=\"noopener\"><strong>Parque Ol\u00edmpico del Segre<\/strong><\/a>, donde se puede hacer kayak, rafting, p\u00e1del surf, escalada o un relajante paseo por los alrededores del canal. A 10 km se encuentra \u00a0Andorra donde puedes disfrutar de pistas de esqu\u00ed alpino, <a href=\"https:\/\/studibucht.de\/masterarbeit\/\" style=\"text-decoration: none !important; color: inherit !important;\">magisterarbeit schreiben lassen<\/a>, espacios termales, tiendas y su gastronom\u00eda.<\/p>\n<p style=\"text-align: justify;\">En el valle tambi\u00e9n hay diferentes refugios de monta\u00f1a con cocina propia: <a href=\"\/\" target=\"_blank\" rel=\"noopener\"><strong>El refugio de la Basseta en Sant Joan del Erm<\/strong><\/a>, a 25 km del Mas est\u00e1 rodeado de pistas de esqu\u00ed n\u00f3rdico, el <a href=\"\/\"><strong>refugio del Ras de Conques<\/strong><\/a>, Les <a href=\"\/\" target=\"_blank\" rel=\"noopener\"><strong>Bordes de Tress\u00f2<\/strong><\/a> entre otros son lugares con caminos serpenteantes entre umbr\u00edas y solanas que proporcionan al visitante unas magn\u00edficas vistas a parajes de alta monta\u00f1a.<\/p>\n<p>[\/et_pb_text][\/et_pb_column][et_pb_column type=\u00bb1_2&#8243; _builder_version=\u00bb4.19.0&#8243; _module_preset=\u00bbdefault\u00bb background_image=\u00bbhttps:\/\/masdenroqueta.com\/wp-content\/uploads\/2022\/11\/Esports1.jpg\u00bb global_colors_info=\u00bb{}\u00bb][\/et_pb_column][\/et_pb_row][et_pb_row _builder_version=\u00bb4.19.0&#8243; _module_preset=\u00bbdefault\u00bb global_colors_info=\u00bb{}\u00bb][et_pb_column type=\u00bb4_4&#8243; _builder_version=\u00bb4.19.0&#8243; _module_preset=\u00bbdefault\u00bb global_colors_info=\u00bb{}\u00bb][et_pb_gallery gallery_ids=\u00bb513,501,510,532,533,514,512,509,502,507,504,503,218,214,215,217,506,505,516,530&#8243; fullwidth=\u00bbon\u00bb _builder_version=\u00bb4.19.0&#8243; _module_preset=\u00bbdefault\u00bb global_colors_info=\u00bb{}\u00bb][\/et_pb_gallery][\/et_pb_column][\/et_pb_row][\/et_pb_section][et_pb_section fb_built=\u00bb1&#8243; disabled_on=\u00bboff|off|off\u00bb _builder_version=\u00bb4.19.0&#8243; _module_preset=\u00bbdefault\u00bb custom_padding=\u00bb2px||4px|||\u00bb global_colors_info=\u00bb{}\u00bb][\/et_pb_section][et_pb_section fb_built=\u00bb1&#8243; disabled_on=\u00bboff|off|on\u00bb _builder_version=\u00bb4.19.0&#8243; _module_preset=\u00bbdefault\u00bb custom_margin=\u00bb||||false|false\u00bb custom_padding=\u00bb5px||2px|||\u00bb global_colors_info=\u00bb{}\u00bb][et_pb_row column_structure=\u00bb1_2,1_2&#8243; make_equal=\u00bbon\u00bb _builder_version=\u00bb4.19.0&#8243; _module_preset=\u00bbdefault\u00bb width=\u00bb100%\u00bb max_width=\u00bb100%\u00bb custom_padding=\u00bb4px|||||\u00bb global_colors_info=\u00bb{}\u00bb][et_pb_column type=\u00bb1_2&#8243; _builder_version=\u00bb4.19.0&#8243; _module_preset=\u00bbdefault\u00bb background_enable_image=\u00bboff\u00bb global_colors_info=\u00bb{}\u00bb][et_pb_image src=\u00bbhttps:\/\/masdenroqueta.com\/wp-content\/uploads\/2022\/11\/Esports1.jpg\u00bb title_text=\u00bbEsports1&#8243; _builder_version=\u00bb4.19.0&#8243; _module_preset=\u00bbdefault\u00bb global_colors_info=\u00bb{}\u00bb][\/et_pb_image][\/et_pb_column][et_pb_column type=\u00bb1_2&#8243; _builder_version=\u00bb4.19.0&#8243; _module_preset=\u00bbdefault\u00bb custom_padding=\u00bb|30px||30px|false|false\u00bb global_colors_info=\u00bb{}\u00bb][et_pb_text _builder_version=\u00bb4.19.0&#8243; _module_preset=\u00bbdefault\u00bb text_font=\u00bbCinzel Decorative|700|||||||\u00bb text_text_color=\u00bb#7b917f\u00bb text_font_size=\u00bb25px\u00bb custom_margin=\u00bb26px|||||\u00bb global_colors_info=\u00bb{}\u00bb]<\/p>\n<p>Deporte y Actividades<\/p>\n<p>[\/et_pb_text][et_pb_divider color=\u00bb#000000&#8243; _builder_version=\u00bb4.19.0&#8243; _module_preset=\u00bbdefault\u00bb custom_margin=\u00bb||9px|||\u00bb global_colors_info=\u00bb{}\u00bb][\/et_pb_divider][et_pb_text _builder_version=\u00bb4.19.0&#8243; _module_preset=\u00bbdefault\u00bb text_font=\u00bbLora|700|on||||||\u00bb text_text_color=\u00bb#c1b49a\u00bb text_font_size=\u00bb26px\u00bb text_line_height=\u00bb1.1em\u00bb custom_margin=\u00bb-10px||20px|||\u00bb global_colors_info=\u00bb{}\u00bb]<\/p>\n<p>P\u00e1del, tenis de tierra, piscina y naturaleza<\/p>\n<p>[\/et_pb_text][et_pb_text _builder_version=\u00bb4.19.0&#8243; _module_preset=\u00bbdefault\u00bb text_font=\u00bbLora||||||||\u00bb global_colors_info=\u00bb{}\u00bb]<\/p>\n<p style=\"text-align: justify;\">El Mas dispone de las siguientes instalaciones:\u00a0 3 pistas de p\u00e1del (dos cubiertas, una exterior), una de tenis de tierra batida, una piscina, grandes jardines y una carpa para celebrar eventos.<\/p>\n<p style=\"text-align: justify;\">Alrededor del Mas tambi\u00e9n hay <strong><a href=\"http:\/\/www.pirineuoutdoor.com\/\" target=\"_blank\" rel=\"noopener\">rutas de BTT y bici de carretera<\/a><\/strong>, senderos de descenso y peque\u00f1os recorridos debidamente se\u00f1alizados. Adem\u00e1s, junto al Mas, se encuentra el magn\u00edfico <a href=\"https:\/\/aravellgolfclub.com\/es\/\" target=\"_blank\" rel=\"noopener\"><strong>ARAVELL GOLF<\/strong><\/a> y los servicios del <a href=\"https:\/\/aeroportandorralaseu.cat\/es\/\" target=\"_blank\" rel=\"noopener\"><strong>Aeropuerto Andorra-La Seu d&#8217;Urgell<\/strong><\/a>, a 7 km se encuentra <a href=\"http:\/\/www.laseu.cat\/\" target=\"_blank\" rel=\"noopener\"><strong>la Seu d&#8217;Urgell<\/strong><\/a>, con la \u00fanica catedral rom\u00e1nica de Catalu\u00f1a, rodeada de un casco antiguo en el que, cada martes y s\u00e1bado celebran su mercado tradicional. Tambi\u00e9n se encuentra el <a href=\"https:\/\/raftingparc.cat\/es\/\" target=\"_blank\" rel=\"noopener\"><strong>Parque Ol\u00edmpico del Segre<\/strong><\/a>, donde se puede hacer kayak, rafting, p\u00e1del surf, escalada o un relajante paseo por los alrededores del canal. A 10 km se encuentra \u00a0Andorra donde puedes disfrutar de pistas de esqu\u00ed alpino, espacios termales, tiendas y su gastronom\u00eda.<\/p>\n<p style=\"text-align: justify;\">En el valle tambi\u00e9n hay diferentes refugios de monta\u00f1a con cocina propia: <a href=\"http:\/\/www.santjoandelerm.com\/\" target=\"_blank\" rel=\"noopener\"><strong>El refugio de la Basseta en Sant Joan del Erm<\/strong><\/a>, a 25 km del Mas est\u00e1 rodeado de pistas de esqu\u00ed n\u00f3rdico, el <a href=\"https:\/\/www.instagram.com\/rasdeconques\/?hl=es\"><strong>refugio del Ras de Conques<\/strong><\/a>, Les <a href=\"https:\/\/www.instagram.com\/lesbordesdetresso\/?hl=es\" target=\"_blank\" rel=\"noopener\"><strong>Bordes de Tress\u00f2<\/strong><\/a> entre otros son lugares con caminos serpenteantes entre umbr\u00edas y solanas que proporcionan al visitante unas magn\u00edficas vistas a parajes de alta monta\u00f1a.<\/p>\n<p>[\/et_pb_text][\/et_pb_column][\/et_pb_row][et_pb_row _builder_version=\u00bb4.19.0&#8243; _module_preset=\u00bbdefault\u00bb width=\u00bb100%\u00bb max_width=\u00bb100%\u00bb global_colors_info=\u00bb{}\u00bb][et_pb_column type=\u00bb4_4&#8243; _builder_version=\u00bb4.19.0&#8243; _module_preset=\u00bbdefault\u00bb global_colors_info=\u00bb{}\u00bb][et_pb_gallery gallery_ids=\u00bb513,501,510,532,533,514,512,509,502,507,504,503,218,214,215,217,506,505,516,530&#8243; fullwidth=\u00bbon\u00bb _builder_version=\u00bb4.19.0&#8243; _module_preset=\u00bbdefault\u00bb global_colors_info=\u00bb{}\u00bb][\/et_pb_gallery][\/et_pb_column][\/et_pb_row][\/et_pb_section]<\/p>\n","protected":false},"excerpt":{"rendered":"<p>Deporte y ActividadesP\u00e1del, tenis de tierra, piscina y naturalezaEl Mas dispone de las siguientes instalaciones:\u00a0 3 pistas de p\u00e1del (dos cubiertas, una exterior), una de tenis de tierra batida, una piscina, projektarbeit schreiben lassen kosten, grandes jardines y una carpa para celebrar eventos. Alrededor del Mas tambi\u00e9n hay rutas de BTT y bici de carretera, [&hellip;]<\/p>\n","protected":false},"author":2,"featured_media":0,"parent":0,"menu_order":0,"comment_status":"closed","ping_status":"closed","template":"","meta":{"_et_pb_use_builder":"on","_et_pb_old_content":"","_et_gb_content_width":"","footnotes":""},"class_list":["post-1155","page","type-page","status-publish","hentry"],"_links":{"self":[{"href":"https:\/\/masdenroqueta.com\/es\/wp-json\/wp\/v2\/pages\/1155","targetHints":{"allow":["GET"]}}],"collection":[{"href":"https:\/\/masdenroqueta.com\/es\/wp-json\/wp\/v2\/pages"}],"about":[{"href":"https:\/\/masdenroqueta.com\/es\/wp-json\/wp\/v2\/types\/page"}],"author":[{"embeddable":true,"href":"https:\/\/masdenroqueta.com\/es\/wp-json\/wp\/v2\/users\/2"}],"replies":[{"embeddable":true,"href":"https:\/\/masdenroqueta.com\/es\/wp-json\/wp\/v2\/comments?post=1155"}],"version-history":[{"count":5,"href":"https:\/\/masdenroqueta.com\/es\/wp-json\/wp\/v2\/pages\/1155\/revisions"}],"predecessor-version":[{"id":1310,"href":"https:\/\/masdenroqueta.com\/es\/wp-json\/wp\/v2\/pages\/1155\/revisions\/1310"}],"wp:attachment":[{"href":"https:\/\/masdenroqueta.com\/es\/wp-json\/wp\/v2\/media?parent=1155"}],"curies":[{"name":"wp","href":"https:\/\/api.w.org\/{rel}","templated":true}]}}